{"id":219,"date":"2021-02-22T17:44:30","date_gmt":"2021-02-22T17:44:30","guid":{"rendered":"http:\/\/www.anfangola.com\/?page_id=219"},"modified":"2025-04-15T14:19:15","modified_gmt":"2025-04-15T14:19:15","slug":"premios","status":"publish","type":"page","link":"https:\/\/www.anfangola.com\/?page_id=219","title":{"rendered":"Pr\u00eamios"},"content":{"rendered":"\n<p class=\"has-text-align-center\"><strong>VOTE OS MELHORES MAR\u00c7O 2025<\/strong><\/p>\n\n\n\n<p class=\"has-text-align-center\" id=\"block-3243aa49-d841-4a72-b03d-bc96ebcf8a47\"><strong>CRIT\u00c9RIOS DE VOTA\u00c7\u00c3O:<\/strong><br>IMPRENSA =<strong> 40%<\/strong><\/p>\n\n\n\n<p class=\"has-text-align-center\" id=\"block-3243aa49-d841-4a72-b03d-bc96ebcf8a47\">ANFA = <strong>20%<\/strong> <\/p>\n\n\n\n<p class=\"has-text-align-center\" id=\"block-3243aa49-d841-4a72-b03d-bc96ebcf8a47\">CAPIT\u00c3ES = <strong>20%<\/strong><\/p>\n\n\n\n<p class=\"has-text-align-center\" id=\"block-3243aa49-d841-4a72-b03d-bc96ebcf8a47\">INTERNAUTAS = <strong>20%<\/strong><\/p>\n\n\n\n<p class=\"has-text-align-center\">[IT_EPOLL_VOTING id=&#8221;3311&#8243;][\/IT_EPOLL_VOTING]<\/p>\n\n\n\n<p class=\"has-text-align-center\">[IT_EPOLL_VOTING id=&#8221;3315&#8243;][\/IT_EPOLL_VOTING]<\/p>\n\n\n\n<p class=\"has-text-align-center\">[IT_EPOLL_VOTING id=&#8221;3318&#8243;][\/IT_EPOLL_VOTING]<\/p>\n\n\n\n<p class=\"has-text-align-center\"><\/p>\n\n\n\n<p class=\"has-text-align-center\">                                     <\/p>\n","protected":false},"excerpt":{"rendered":"<p>VOTE OS MELHORES MAR\u00c7O 2025 CRIT\u00c9RIOS DE VOTA\u00c7\u00c3O:IMPRENSA = 40% ANFA = 20% CAPIT\u00c3ES =&#8230;<\/p>\n","protected":false},"author":1,"featured_media":0,"parent":0,"menu_order":0,"comment_status":"closed","ping_status":"closed","template":"","meta":[],"_links":{"self":[{"href":"https:\/\/www.anfangola.com\/index.php?rest_route=\/wp\/v2\/pages\/219"}],"collection":[{"href":"https:\/\/www.anfangola.com\/index.php?rest_route=\/wp\/v2\/pages"}],"about":[{"href":"https:\/\/www.anfangola.com\/index.php?rest_route=\/wp\/v2\/types\/page"}],"author":[{"embeddable":true,"href":"https:\/\/www.anfangola.com\/index.php?rest_route=\/wp\/v2\/users\/1"}],"replies":[{"embeddable":true,"href":"https:\/\/www.anfangola.com\/index.php?rest_route=%2Fwp%2Fv2%2Fcomments&post=219"}],"version-history":[{"count":104,"href":"https:\/\/www.anfangola.com\/index.php?rest_route=\/wp\/v2\/pages\/219\/revisions"}],"predecessor-version":[{"id":3340,"href":"https:\/\/www.anfangola.com\/index.php?rest_route=\/wp\/v2\/pages\/219\/revisions\/3340"}],"wp:attachment":[{"href":"https:\/\/www.anfangola.com\/index.php?rest_route=%2Fwp%2Fv2%2Fmedia&parent=219"}],"curies":[{"name":"wp","href":"https:\/\/api.w.org\/{rel}","templated":true}]}}